{"id":645,"date":"2019-06-17T15:23:17","date_gmt":"2019-06-17T13:23:17","guid":{"rendered":"http:\/\/www.hotellesdiguieres.com\/restaurant\/brigades\/"},"modified":"2019-11-14T14:12:47","modified_gmt":"2019-11-14T13:12:47","slug":"brigades","status":"publish","type":"page","link":"https:\/\/www.hotellesdiguieres.com\/en\/restaurant\/brigades\/","title":{"rendered":"Brigades"},"content":{"rendered":"<p>[et_pb_section fb_built=&#8221;1&#8243; bg_img_2=&#8221;http:\/\/www.hotellesdiguieres.com\/wp-content\/uploads\/2019\/05\/resort-02.jpg&#8221; use_background_color_gradient_2=&#8221;off&#8221; background_color_gradient_start_2=&#8221;rgba(255,255,255,0.65)&#8221; background_color_gradient_end_2=&#8221;rgba(255,255,255,0)&#8221; background_color_gradient_direction_2=&#8221;105deg&#8221; background_color_gradient_start_position_2=&#8221;0%&#8221; background_color_gradient_end_position_2=&#8221;76%&#8221; background_color_gradient_overlays_image_2=&#8221;on&#8221; admin_label=&#8221;Header&#8221; _builder_version=&#8221;4.0.6&#8243; background_image=&#8221;http:\/\/www.hotellesdiguieres.com\/wp-content\/uploads\/2019\/05\/Hotel-restaurant-Lesdiguiere-Grenoble-11.jpg&#8221; custom_padding=&#8221;8vw|0px|0|0px|false|false&#8221; hover_enabled=&#8221;0&#8243; locked=&#8221;off&#8221; background_color=&#8221;#f8bea9&#8243; background_blend=&#8221;screen&#8221;][et_pb_row _builder_version=&#8221;3.25&#8243; background_color=&#8221;#ffffff&#8221; max_width=&#8221;1160px&#8221; custom_padding=&#8221;|40px||40px||true&#8221; use_custom_width=&#8221;on&#8221; custom_width_px=&#8221;1160px&#8221;][et_pb_column type=&#8221;4_4&#8243; _builder_version=&#8221;3.25&#8243; custom_padding=&#8221;|||&#8221; custom_padding__hover=&#8221;|||&#8221;][et_pb_text _builder_version=&#8221;4.0.6&#8243; text_line_height=&#8221;2em&#8221; header_text_color=&#8221;#000000&#8243; header_font_size=&#8221;5vw&#8221; header_line_height=&#8221;1.3em&#8221; header_2_font_size=&#8221;16px&#8221; header_2_letter_spacing=&#8221;6px&#8221; header_2_line_height=&#8221;2em&#8221; header_3_font=&#8221;||||||||&#8221; custom_margin_tablet=&#8221;0vw||20px&#8221; hover_enabled=&#8221;0&#8243; header_font_size_tablet=&#8221;5vw&#8221; header_font_size_phone=&#8221;&#8221; header_font_size_last_edited=&#8221;on|phone&#8221; header_2_font_size_tablet=&#8221;&#8221; header_2_font_size_phone=&#8221;12px&#8221; header_2_font_size_last_edited=&#8221;on|phone&#8221; header_text_shadow_style=&#8221;preset3&#8243; header_text_shadow_vertical_length=&#8221;0.03em&#8221; header_text_shadow_color=&#8221;#ffffff&#8221; locked=&#8221;off&#8221; header_3_font_size__hover=&#8221;22px&#8221; header_3_font_size__hover_enabled=&#8221;22px&#8221; header_3_letter_spacing__hover=&#8221;0px&#8221; header_3_letter_spacing__hover_enabled=&#8221;0px&#8221; header_3_line_height__hover=&#8221;1em&#8221; header_3_line_height__hover_enabled=&#8221;1em&#8221; header_3_text_shadow_style__hover=&#8221;none&#8221; header_3_text_shadow_style__hover_enabled=&#8221;none&#8221; header_3_text_shadow_color__hover=&#8221;rgba(0,0,0,0.4)&#8221; header_3_text_shadow_color__hover_enabled=&#8221;rgba(0,0,0,0.4)&#8221;]<\/p>\n<h1>Brigades<\/h1>\n<p>&nbsp;<\/p>\n<h2>OUR ELEVES ARE TALENT!<\/h2>\n<p>[\/et_pb_text][\/et_pb_column][\/et_pb_row][\/et_pb_section][et_pb_section fb_built=&#8221;1&#8243; module_class=&#8221;ds-timeline&#8221; _builder_version=&#8221;3.23.3&#8243; background_color=&#8221;#ffffff&#8221; custom_padding=&#8221;0px|0px|40px|0px|false|false&#8221;][et_pb_row _builder_version=&#8221;3.25&#8243;][et_pb_column type=&#8221;4_4&#8243; _builder_version=&#8221;3.25&#8243; custom_padding=&#8221;|||&#8221; custom_padding__hover=&#8221;|||&#8221;][et_pb_gallery posts_number=&#8221;12&#8243; show_title_and_caption=&#8221;off&#8221; _builder_version=&#8221;4.0.6&#8243; hover_enabled=&#8221;0&#8243; gallery_ids=&#8221;961,963,965,967,969,971,973,975,977,979,981,983,985,987,989,991,993&#8243;][\/et_pb_gallery][\/et_pb_column][\/et_pb_row][\/et_pb_section][et_pb_section fb_built=&#8221;1&#8243; module_class=&#8221;ds-timeline&#8221; _builder_version=&#8221;3.23.3&#8243; background_color=&#8221;#ffffff&#8221; custom_padding=&#8221;0px|0px|40px|0px|false|false&#8221; locked=&#8221;off&#8221;][et_pb_row _builder_version=&#8221;3.25&#8243;][et_pb_column type=&#8221;4_4&#8243; _builder_version=&#8221;3.25&#8243; custom_padding=&#8221;|||&#8221; custom_padding__hover=&#8221;|||&#8221;][et_pb_gallery gallery_ids=&#8221;435,436,437,438,439,440,441,442,443,444,445,446,447,448,449,450,451,33,34,35,19,20,31,30,29,28,27,26,25,24,23,22,21&#8243; posts_number=&#8221;12&#8243; show_title_and_caption=&#8221;off&#8221; _builder_version=&#8221;3.23.3&#8243;][\/et_pb_gallery][\/et_pb_column][\/et_pb_row][\/et_pb_section]<\/p>\n","protected":false},"excerpt":{"rendered":"<p>Brigades &nbsp; OUR ELEVES ARE TALENT!<\/p>\n","protected":false},"author":1,"featured_media":0,"parent":627,"menu_order":0,"comment_status":"closed","ping_status":"closed","template":"","meta":{"_et_pb_use_builder":"on","_et_pb_old_content":"","_et_gb_content_width":"","footnotes":""},"class_list":["post-645","page","type-page","status-publish","hentry"],"yoast_head":"<!-- This site is optimized with the Yoast SEO plugin v24.6 - https:\/\/yoast.com\/wordpress\/plugins\/seo\/ -->\n<title>Brigades &#8902; H\u00f4tel Restaurant LESDIGUI\u00c8RES<\/title>\n<meta name=\"robots\" content=\"index, follow, max-snippet:-1, max-image-preview:large, max-video-preview:-1\" \/>\n<link rel=\"canonical\" href=\"https:\/\/www.hotellesdiguieres.com\/en\/restaurant\/brigades\/\" \/>\n<meta property=\"og:locale\" content=\"en_US\" \/>\n<meta property=\"og:type\" content=\"article\" \/>\n<meta property=\"og:title\" content=\"Brigades &#8902; H\u00f4tel Restaurant LESDIGUI\u00c8RES\" \/>\n<meta property=\"og:description\" content=\"Brigades &nbsp; OUR ELEVES ARE TALENT!\" \/>\n<meta property=\"og:url\" content=\"https:\/\/www.hotellesdiguieres.com\/en\/restaurant\/brigades\/\" \/>\n<meta property=\"og:site_name\" content=\"H\u00f4tel Restaurant LESDIGUI\u00c8RES\" \/>\n<meta property=\"article:publisher\" content=\"https:\/\/www.facebook.com\/HotelLesdigueres\/\" \/>\n<meta property=\"article:modified_time\" content=\"2019-11-14T13:12:47+00:00\" \/>\n<meta name=\"twitter:card\" content=\"summary_large_image\" \/>\n<meta name=\"twitter:label1\" content=\"Est. reading time\" \/>\n\t<meta name=\"twitter:data1\" content=\"2 minutes\" \/>\n<script type=\"application\/ld+json\" class=\"yoast-schema-graph\">{\"@context\":\"https:\/\/schema.org\",\"@graph\":[{\"@type\":\"WebPage\",\"@id\":\"https:\/\/www.hotellesdiguieres.com\/en\/restaurant\/brigades\/\",\"url\":\"https:\/\/www.hotellesdiguieres.com\/en\/restaurant\/brigades\/\",\"name\":\"Brigades &#8902; H\u00f4tel Restaurant LESDIGUI\u00c8RES\",\"isPartOf\":{\"@id\":\"https:\/\/www.hotellesdiguieres.com\/#website\"},\"datePublished\":\"2019-06-17T13:23:17+00:00\",\"dateModified\":\"2019-11-14T13:12:47+00:00\",\"breadcrumb\":{\"@id\":\"https:\/\/www.hotellesdiguieres.com\/en\/restaurant\/brigades\/#breadcrumb\"},\"inLanguage\":\"en-US\",\"potentialAction\":[{\"@type\":\"ReadAction\",\"target\":[\"https:\/\/www.hotellesdiguieres.com\/en\/restaurant\/brigades\/\"]}]},{\"@type\":\"BreadcrumbList\",\"@id\":\"https:\/\/www.hotellesdiguieres.com\/en\/restaurant\/brigades\/#breadcrumb\",\"itemListElement\":[{\"@type\":\"ListItem\",\"position\":1,\"name\":\"Accueil\",\"item\":\"https:\/\/www.hotellesdiguieres.com\/en\/\"},{\"@type\":\"ListItem\",\"position\":2,\"name\":\"Restaurant\",\"item\":\"https:\/\/www.hotellesdiguieres.com\/en\/restaurant\/\"},{\"@type\":\"ListItem\",\"position\":3,\"name\":\"Brigades\"}]},{\"@type\":\"WebSite\",\"@id\":\"https:\/\/www.hotellesdiguieres.com\/#website\",\"url\":\"https:\/\/www.hotellesdiguieres.com\/\",\"name\":\"H\u00f4tel Restaurant LESDIGUI\u00c8RES\",\"description\":\"H\u00f4tel Restaurant Lesdigui\u00e8res situ\u00e9 \u00e0 Grenoble. Les \u00e9l\u00e8ves et le personnel sont heureux de vous accueillir \u00e0 l&#039;H\u00f4tel d&#039;application du Lyc\u00e9e des m\u00e9tiers de l&#039;H\u00f4tellerie et du Tourisme de Grenoble\",\"publisher\":{\"@id\":\"https:\/\/www.hotellesdiguieres.com\/#organization\"},\"potentialAction\":[{\"@type\":\"SearchAction\",\"target\":{\"@type\":\"EntryPoint\",\"urlTemplate\":\"https:\/\/www.hotellesdiguieres.com\/?s={search_term_string}\"},\"query-input\":{\"@type\":\"PropertyValueSpecification\",\"valueRequired\":true,\"valueName\":\"search_term_string\"}}],\"inLanguage\":\"en-US\"},{\"@type\":\"Organization\",\"@id\":\"https:\/\/www.hotellesdiguieres.com\/#organization\",\"name\":\"H\u00d4TEL & RESTAURANT LESDIGUI\u00c8RES\",\"url\":\"https:\/\/www.hotellesdiguieres.com\/\",\"logo\":{\"@type\":\"ImageObject\",\"inLanguage\":\"en-US\",\"@id\":\"https:\/\/www.hotellesdiguieres.com\/#\/schema\/logo\/image\/\",\"url\":\"https:\/\/www.hotellesdiguieres.com\/wp-content\/uploads\/2019\/11\/Logo-Grenoble-Lesdiguieres.jpg\",\"contentUrl\":\"https:\/\/www.hotellesdiguieres.com\/wp-content\/uploads\/2019\/11\/Logo-Grenoble-Lesdiguieres.jpg\",\"width\":451,\"height\":382,\"caption\":\"H\u00d4TEL & RESTAURANT LESDIGUI\u00c8RES\"},\"image\":{\"@id\":\"https:\/\/www.hotellesdiguieres.com\/#\/schema\/logo\/image\/\"},\"sameAs\":[\"https:\/\/www.facebook.com\/HotelLesdigueres\/\",\"https:\/\/www.instagram.com\/hotellesdiguieres\/\"]}]}<\/script>\n<!-- \/ Yoast SEO plugin. -->","yoast_head_json":{"title":"Brigades &#8902; H\u00f4tel Restaurant LESDIGUI\u00c8RES","robots":{"index":"index","follow":"follow","max-snippet":"max-snippet:-1","max-image-preview":"max-image-preview:large","max-video-preview":"max-video-preview:-1"},"canonical":"https:\/\/www.hotellesdiguieres.com\/en\/restaurant\/brigades\/","og_locale":"en_US","og_type":"article","og_title":"Brigades &#8902; H\u00f4tel Restaurant LESDIGUI\u00c8RES","og_description":"Brigades &nbsp; OUR ELEVES ARE TALENT!","og_url":"https:\/\/www.hotellesdiguieres.com\/en\/restaurant\/brigades\/","og_site_name":"H\u00f4tel Restaurant LESDIGUI\u00c8RES","article_publisher":"https:\/\/www.facebook.com\/HotelLesdigueres\/","article_modified_time":"2019-11-14T13:12:47+00:00","twitter_card":"summary_large_image","twitter_misc":{"Est. reading time":"2 minutes"},"schema":{"@context":"https:\/\/schema.org","@graph":[{"@type":"WebPage","@id":"https:\/\/www.hotellesdiguieres.com\/en\/restaurant\/brigades\/","url":"https:\/\/www.hotellesdiguieres.com\/en\/restaurant\/brigades\/","name":"Brigades &#8902; H\u00f4tel Restaurant LESDIGUI\u00c8RES","isPartOf":{"@id":"https:\/\/www.hotellesdiguieres.com\/#website"},"datePublished":"2019-06-17T13:23:17+00:00","dateModified":"2019-11-14T13:12:47+00:00","breadcrumb":{"@id":"https:\/\/www.hotellesdiguieres.com\/en\/restaurant\/brigades\/#breadcrumb"},"inLanguage":"en-US","potentialAction":[{"@type":"ReadAction","target":["https:\/\/www.hotellesdiguieres.com\/en\/restaurant\/brigades\/"]}]},{"@type":"BreadcrumbList","@id":"https:\/\/www.hotellesdiguieres.com\/en\/restaurant\/brigades\/#breadcrumb","itemListElement":[{"@type":"ListItem","position":1,"name":"Accueil","item":"https:\/\/www.hotellesdiguieres.com\/en\/"},{"@type":"ListItem","position":2,"name":"Restaurant","item":"https:\/\/www.hotellesdiguieres.com\/en\/restaurant\/"},{"@type":"ListItem","position":3,"name":"Brigades"}]},{"@type":"WebSite","@id":"https:\/\/www.hotellesdiguieres.com\/#website","url":"https:\/\/www.hotellesdiguieres.com\/","name":"H\u00f4tel Restaurant LESDIGUI\u00c8RES","description":"H\u00f4tel Restaurant Lesdigui\u00e8res situ\u00e9 \u00e0 Grenoble. Les \u00e9l\u00e8ves et le personnel sont heureux de vous accueillir \u00e0 l&#039;H\u00f4tel d&#039;application du Lyc\u00e9e des m\u00e9tiers de l&#039;H\u00f4tellerie et du Tourisme de Grenoble","publisher":{"@id":"https:\/\/www.hotellesdiguieres.com\/#organization"},"potentialAction":[{"@type":"SearchAction","target":{"@type":"EntryPoint","urlTemplate":"https:\/\/www.hotellesdiguieres.com\/?s={search_term_string}"},"query-input":{"@type":"PropertyValueSpecification","valueRequired":true,"valueName":"search_term_string"}}],"inLanguage":"en-US"},{"@type":"Organization","@id":"https:\/\/www.hotellesdiguieres.com\/#organization","name":"H\u00d4TEL & RESTAURANT LESDIGUI\u00c8RES","url":"https:\/\/www.hotellesdiguieres.com\/","logo":{"@type":"ImageObject","inLanguage":"en-US","@id":"https:\/\/www.hotellesdiguieres.com\/#\/schema\/logo\/image\/","url":"https:\/\/www.hotellesdiguieres.com\/wp-content\/uploads\/2019\/11\/Logo-Grenoble-Lesdiguieres.jpg","contentUrl":"https:\/\/www.hotellesdiguieres.com\/wp-content\/uploads\/2019\/11\/Logo-Grenoble-Lesdiguieres.jpg","width":451,"height":382,"caption":"H\u00d4TEL & RESTAURANT LESDIGUI\u00c8RES"},"image":{"@id":"https:\/\/www.hotellesdiguieres.com\/#\/schema\/logo\/image\/"},"sameAs":["https:\/\/www.facebook.com\/HotelLesdigueres\/","https:\/\/www.instagram.com\/hotellesdiguieres\/"]}]}},"_links":{"self":[{"href":"https:\/\/www.hotellesdiguieres.com\/en\/wp-json\/wp\/v2\/pages\/645","targetHints":{"allow":["GET"]}}],"collection":[{"href":"https:\/\/www.hotellesdiguieres.com\/en\/wp-json\/wp\/v2\/pages"}],"about":[{"href":"https:\/\/www.hotellesdiguieres.com\/en\/wp-json\/wp\/v2\/types\/page"}],"author":[{"embeddable":true,"href":"https:\/\/www.hotellesdiguieres.com\/en\/wp-json\/wp\/v2\/users\/1"}],"replies":[{"embeddable":true,"href":"https:\/\/www.hotellesdiguieres.com\/en\/wp-json\/wp\/v2\/comments?post=645"}],"version-history":[{"count":3,"href":"https:\/\/www.hotellesdiguieres.com\/en\/wp-json\/wp\/v2\/pages\/645\/revisions"}],"predecessor-version":[{"id":996,"href":"https:\/\/www.hotellesdiguieres.com\/en\/wp-json\/wp\/v2\/pages\/645\/revisions\/996"}],"up":[{"embeddable":true,"href":"https:\/\/www.hotellesdiguieres.com\/en\/wp-json\/wp\/v2\/pages\/627"}],"wp:attachment":[{"href":"https:\/\/www.hotellesdiguieres.com\/en\/wp-json\/wp\/v2\/media?parent=645"}],"curies":[{"name":"wp","href":"https:\/\/api.w.org\/{rel}","templated":true}]}}