{"id":607,"date":"2019-06-17T14:19:09","date_gmt":"2019-06-17T12:19:09","guid":{"rendered":"http:\/\/www.hotellesdiguieres.com\/home\/"},"modified":"2021-05-07T08:34:08","modified_gmt":"2021-05-07T06:34:08","slug":"home","status":"publish","type":"page","link":"https:\/\/www.hotellesdiguieres.com\/en\/","title":{"rendered":"Home"},"content":{"rendered":"<p>[et_pb_section fb_built=&#8221;1&#8243; next_background_color=&#8221;#f9f9f9&#8243; bg_img_2=&#8221;https:\/\/www.hotellesdiguieres.com\/wp-content\/uploads\/2019\/05\/resort-02.jpg&#8221; use_background_color_gradient_2=&#8221;off&#8221; background_color_gradient_start_2=&#8221;rgba(255,255,255,0.65)&#8221; background_color_gradient_end_2=&#8221;rgba(255,255,255,0)&#8221; background_color_gradient_direction_2=&#8221;105deg&#8221; background_color_gradient_start_position_2=&#8221;0%&#8221; background_color_gradient_end_position_2=&#8221;76%&#8221; background_color_gradient_overlays_image_2=&#8221;on&#8221; disabled_on=&#8221;on|on|on&#8221; admin_label=&#8221;Header&#8221; _builder_version=&#8221;4.0.6&#8243; background_image=&#8221;https:\/\/www.hotellesdiguieres.com\/wp-content\/uploads\/2019\/05\/Hotel-restaurant-Lesdiguiere-Grenoble-5.jpg&#8221; background_video_mp4=&#8221;https:\/\/www.hotellesdiguieres.com\/wp-content\/uploads\/2019\/10\/Bande-annonce-LES-PETITS-MAITRES-DU-GRAND-HOTEL-de-Jacques-Deschamps-25-septembre-2019-1.mp4&#8243; background_video_width=&#8221;100%&#8221; custom_padding=&#8221;41vw|0px|0|0px|false|false&#8221; bottom_divider_style=&#8221;curve2&#8243; bottom_divider_flip=&#8221;vertical&#8221; disabled=&#8221;on&#8221; locked=&#8221;off&#8221;][et_pb_row column_structure=&#8221;1_5,3_5,1_5&#8243; _builder_version=&#8221;3.25&#8243; max_width=&#8221;1160px&#8221; custom_padding=&#8221;|40px||40px||true&#8221; use_custom_width=&#8221;on&#8221; custom_width_px=&#8221;1160px&#8221;][et_pb_column type=&#8221;1_5&#8243; _builder_version=&#8221;3.25&#8243; custom_padding=&#8221;|||&#8221; custom_padding__hover=&#8221;|||&#8221;][\/et_pb_column][et_pb_column type=&#8221;3_5&#8243; _builder_version=&#8221;3.25&#8243; custom_padding=&#8221;16px|||&#8221; custom_padding__hover=&#8221;|||&#8221;][\/et_pb_column][et_pb_column type=&#8221;1_5&#8243; _builder_version=&#8221;3.25&#8243; custom_padding=&#8221;|||&#8221; custom_padding__hover=&#8221;|||&#8221;][\/et_pb_column][\/et_pb_row][\/et_pb_section][et_pb_section fb_built=&#8221;1&#8243; admin_label=&#8221;About Us&#8221; module_id=&#8221;salons&#8221; _builder_version=&#8221;4.0.6&#8243; background_color=&#8221;#f9f9f9&#8243; custom_padding=&#8221;0px||0px|||&#8221; top_divider_height=&#8221;70px&#8221; top_divider_flip=&#8221;vertical&#8221; bottom_divider_color=&#8221;#ffffff&#8221; bottom_divider_flip=&#8221;vertical&#8221; locked=&#8221;off&#8221;][et_pb_row _builder_version=&#8221;4.0.6&#8243; width=&#8221;100%&#8221; max_width=&#8221;100%&#8221; module_alignment=&#8221;center&#8221; custom_padding=&#8221;0px||2px|||&#8221;][et_pb_column type=&#8221;4_4&#8243; _builder_version=&#8221;3.25&#8243; custom_padding=&#8221;|||&#8221; custom_padding__hover=&#8221;|||&#8221;][et_pb_video src=&#8221;https:\/\/www.hotellesdiguieres.com\/wp-content\/uploads\/2019\/10\/Bande-annonce-LES-PETITS-MAITRES-DU-GRAND-HOTEL-de-Jacques-Deschamps-25-septembre-2019-1.mp4&#8243; image_src=&#8221;https:\/\/www.hotellesdiguieres.com\/wp-content\/uploads\/2019\/11\/maxresdefault.jpg&#8221; play_icon_color=&#8221;#f8bea9&#8243; use_icon_font_size=&#8221;on&#8221; thumbnail_overlay_color=&#8221;rgba(0,0,0,0.6)&#8221; _builder_version=&#8221;4.0.6&#8243; width=&#8221;100%&#8221; max_width=&#8221;100%&#8221;][\/et_pb_video][\/et_pb_column][\/et_pb_row][\/et_pb_section][et_pb_section fb_built=&#8221;1&#8243; admin_label=&#8221;About Us&#8221; module_id=&#8221;salons&#8221; _builder_version=&#8221;3.24&#8243; background_color=&#8221;#f9f9f9&#8243; custom_padding=&#8221;0px|0px|0|0px|false|false&#8221; top_divider_height=&#8221;70px&#8221; top_divider_flip=&#8221;vertical&#8221;][et_pb_row _builder_version=&#8221;3.25&#8243; module_alignment=&#8221;center&#8221; custom_margin=&#8221;|auto||144px||&#8221; custom_padding=&#8221;0px|||||&#8221;][et_pb_column type=&#8221;4_4&#8243; _builder_version=&#8221;3.25&#8243; custom_padding=&#8221;|||&#8221; custom_padding__hover=&#8221;|||&#8221;][et_pb_image src=&#8221;https:\/\/www.hotellesdiguieres.com\/wp-content\/uploads\/2019\/11\/lg.png&#8221; align=&#8221;center&#8221; _builder_version=&#8221;4.0.6&#8243; locked=&#8221;off&#8221;][\/et_pb_image][et_pb_text _builder_version=&#8221;4.0.6&#8243; header_font=&#8221;ITCAvantGardeStd Demi||||||||&#8221; header_font_size=&#8221;57px&#8221; header_2_font=&#8221;ITCAvantGardeStd Bk||||||||&#8221; header_2_text_color=&#8221;#000000&#8243; header_2_font_size=&#8221;35px&#8221; header_3_font=&#8221;ITCAvantGardeStd Bk||||||||&#8221; header_3_font_size=&#8221;37px&#8221; header_font_size_tablet=&#8221;&#8221; header_font_size_phone=&#8221;35px&#8221; header_font_size_last_edited=&#8221;on|phone&#8221; header_2_font_size_tablet=&#8221;&#8221; header_2_font_size_phone=&#8221;23px&#8221; header_2_font_size_last_edited=&#8221;on|phone&#8221; header_3_font_size_tablet=&#8221;&#8221; header_3_font_size_phone=&#8221;20px&#8221; header_3_font_size_last_edited=&#8221;on|phone&#8221; locked=&#8221;off&#8221;]<\/p>\n<h2 style=\"text-align: center;\">Hotel &amp; Restaurant<\/h2>\n<h1 style=\"text-align: center;\">Lesdigui\u00e8res<\/h1>\n<h3 style=\"text-align: center;\">Grenoble<\/h3>\n<p>[\/et_pb_text][et_pb_image src=&#8221;https:\/\/www.hotellesdiguieres.com\/wp-content\/uploads\/2019\/11\/line.png&#8221; align=&#8221;center&#8221; _builder_version=&#8221;4.0.6&#8243; custom_margin=&#8221;-35px|||||&#8221; custom_padding=&#8221;||0px|||&#8221; locked=&#8221;off&#8221;][\/et_pb_image][\/et_pb_column][\/et_pb_row][\/et_pb_section][et_pb_section fb_built=&#8221;1&#8243; prev_background_color=&#8221;#f9f9f9&#8243; next_background_color=&#8221;#ffffff&#8221; admin_label=&#8221;About Us&#8221; module_id=&#8221;salons&#8221; _builder_version=&#8221;4.0.6&#8243; background_color=&#8221;#f8bea9&#8243; custom_padding=&#8221;50.75px|0px|0|0px|false|false&#8221; top_divider_style=&#8221;curve2&#8243; top_divider_height=&#8221;70px&#8221; top_divider_flip=&#8221;vertical&#8221; bottom_divider_style=&#8221;curve2&#8243; bottom_divider_flip=&#8221;vertical&#8221;][et_pb_row column_structure=&#8221;1_3,1_3,1_3&#8243; make_equal=&#8221;on&#8221; _builder_version=&#8221;3.25&#8243;][et_pb_column type=&#8221;1_3&#8243; _builder_version=&#8221;3.25&#8243; custom_padding=&#8221;|||&#8221; custom_padding__hover=&#8221;|||&#8221;][et_pb_blurb title=&#8221;Hotel&#8221; image=&#8221;https:\/\/www.hotellesdiguieres.com\/wp-content\/uploads\/2019\/05\/01-1.jpg&#8221; content_max_width=&#8221;499px&#8221; _builder_version=&#8221;4.0.6&#8243; header_font=&#8221;||||||||&#8221; header_text_align=&#8221;center&#8221; header_text_color=&#8221;#000000&#8243; header_font_size=&#8221;26px&#8221; body_font=&#8221;||||||||&#8221; background_color=&#8221;#ffffff&#8221; max_width=&#8221;100%&#8221; module_alignment=&#8221;center&#8221; custom_padding=&#8221;|||0px&#8221; link_option_url=&#8221;https:\/\/www.hotellesdiguieres.com\/en\/hotel\/&#8221; border_width_all=&#8221;19px&#8221; border_color_all=&#8221;#ffffff&#8221; box_shadow_style=&#8221;preset1&#8243;]<\/p>\n<p style=\"text-align: center;\">Discover the application hotel,<br \/> held by students, supervised by their teachers.<\/p>\n<p>[\/et_pb_blurb][\/et_pb_column][et_pb_column type=&#8221;1_3&#8243; _builder_version=&#8221;3.25&#8243; custom_padding=&#8221;|||&#8221; custom_padding__hover=&#8221;|||&#8221;][et_pb_blurb title=&#8221;Restaurant&#8221; image=&#8221;https:\/\/www.hotellesdiguieres.com\/wp-content\/uploads\/2019\/11\/1.Table-restaurant-grenoble.jpg&#8221; content_max_width=&#8221;499px&#8221; _builder_version=&#8221;4.0.6&#8243; header_font=&#8221;||||||||&#8221; header_text_align=&#8221;center&#8221; header_text_color=&#8221;#000000&#8243; header_font_size=&#8221;26px&#8221; body_font=&#8221;||||||||&#8221; background_color=&#8221;#ffffff&#8221; max_width=&#8221;100%&#8221; module_alignment=&#8221;center&#8221; custom_padding=&#8221;|||0px&#8221; link_option_url=&#8221;https:\/\/www.hotellesdiguieres.com\/en\/restaurant\/&#8221; border_width_all=&#8221;19px&#8221; border_color_all=&#8221;#ffffff&#8221; box_shadow_style=&#8221;preset1&#8243;]<\/p>\n<p style=\"text-align: center;\">Discover the application restaurant! The dishes are produced and served by the students. Enjoy a gourmet menu at a great price!<\/p>\n<p>[\/et_pb_blurb][\/et_pb_column][et_pb_column type=&#8221;1_3&#8243; _builder_version=&#8221;3.25&#8243; custom_padding=&#8221;|||&#8221; custom_padding__hover=&#8221;|||&#8221;][et_pb_blurb title=&#8221;Seminar&#8221; image=&#8221;https:\/\/www.hotellesdiguieres.com\/wp-content\/uploads\/2019\/11\/4.-salle-Seminaire-Belledone-grenoble.jpg&#8221; content_max_width=&#8221;499px&#8221; _builder_version=&#8221;4.0.6&#8243; header_font=&#8221;||||||||&#8221; header_text_align=&#8221;center&#8221; header_text_color=&#8221;#000000&#8243; header_font_size=&#8221;26px&#8221; body_font=&#8221;||||||||&#8221; background_color=&#8221;#ffffff&#8221; max_width=&#8221;100%&#8221; module_alignment=&#8221;center&#8221; custom_padding=&#8221;|||0px&#8221; link_option_url=&#8221;https:\/\/www.hotellesdiguieres.com\/en\/seminar\/&#8221; border_width_all=&#8221;19px&#8221; border_color_all=&#8221;#ffffff&#8221; box_shadow_style=&#8221;preset1&#8243;]<\/p>\n<p style=\"text-align: center;\">Discover our lounges and soundproof committed rooms for receptions, meetings and cocktails.<\/p>\n<p>[\/et_pb_blurb][\/et_pb_column][\/et_pb_row][\/et_pb_section][et_pb_section fb_built=&#8221;1&#8243; admin_label=&#8221;Stats&#8221; _builder_version=&#8221;3.24&#8243; use_background_color_gradient=&#8221;on&#8221; background_color_gradient_start=&#8221;#000000&#8243; background_color_gradient_end=&#8221;#ffffff&#8221; background_color_gradient_direction=&#8221;360deg&#8221; background_image=&#8221;https:\/\/www.hotellesdiguieres.com\/wp-content\/uploads\/2019\/05\/Hotel-restaurant-Lesdiguiere-Grenoble-1.jpg&#8221; background_blend=&#8221;screen&#8221; custom_padding=&#8221;0px||0||false|false&#8221; background_color_gradient_start__hover=&#8221;#2b87da&#8221; background_color_gradient_start__hover_enabled=&#8221;#2b87da&#8221; background_color_gradient_end__hover=&#8221;#29c4a9&#8243; background_color_gradient_end__hover_enabled=&#8221;#29c4a9&#8243; use_background_color_gradient__hover=&#8221;off&#8221; use_background_color_gradient__hover_enabled=&#8221;off&#8221; background_color_gradient_type__hover=&#8221;linear&#8221; background_color_gradient_type__hover_enabled=&#8221;linear&#8221; background_color_gradient_direction__hover=&#8221;180deg&#8221; background_color_gradient_direction__hover_enabled=&#8221;180deg&#8221; background_color_gradient_direction_radial__hover=&#8221;center&#8221; background_color_gradient_direction_radial__hover_enabled=&#8221;center&#8221; background_color_gradient_start_position__hover=&#8221;0%&#8221; background_color_gradient_start_position__hover_enabled=&#8221;0%&#8221; background_color_gradient_end_position__hover=&#8221;100%&#8221; background_color_gradient_end_position__hover_enabled=&#8221;100%&#8221; background_color_gradient_overlays_image__hover=&#8221;off&#8221; background_color_gradient_overlays_image__hover_enabled=&#8221;off&#8221;][et_pb_row column_structure=&#8221;1_4,1_4,1_4,1_4&#8243; padding_left_right_link_1=&#8221;true&#8221; _builder_version=&#8221;4.0.6&#8243; use_background_color_gradient=&#8221;on&#8221; background_color_gradient_start=&#8221;rgba(0,0,0,0)&#8221; background_color_gradient_end=&#8221;#f8bea9&#8243; width=&#8221;100%&#8221; max_width=&#8221;100%&#8221; custom_margin=&#8221;|auto|-35px|auto||&#8221; custom_padding=&#8221;30vw|10vw|84px|10vw|false|true&#8221; use_custom_width=&#8221;on&#8221; width_unit=&#8221;off&#8221; custom_width_percent=&#8221;100%&#8221; global_module=&#8221;932&#8243; saved_tabs=&#8221;all&#8221;][et_pb_column type=&#8221;1_4&#8243; _builder_version=&#8221;3.25&#8243; custom_padding=&#8221;|||&#8221; custom_padding__hover=&#8221;|||&#8221;][et_pb_number_counter title=&#8221;Rooms&#8221; number=&#8221;20&#8243; _builder_version=&#8221;3.23.3&#8243; title_font=&#8221;|600||on|||||&#8221; number_font=&#8221;ITCAvantGardeStd Demi||||||||&#8221;][\/et_pb_number_counter][\/et_pb_column][et_pb_column type=&#8221;1_4&#8243; _builder_version=&#8221;3.25&#8243; custom_padding=&#8221;|||&#8221; custom_padding__hover=&#8221;|||&#8221;][et_pb_number_counter title=&#8221;Suite&#8221; number=&#8221;1&#8243; _builder_version=&#8221;4.0.6&#8243; title_font=&#8221;|600||on|||||&#8221; number_font=&#8221;ITCAvantGardeStd Demi||||||||&#8221; locked=&#8221;off&#8221;][\/et_pb_number_counter][\/et_pb_column][et_pb_column type=&#8221;1_4&#8243; _builder_version=&#8221;3.25&#8243; custom_padding=&#8221;|||&#8221; custom_padding__hover=&#8221;|||&#8221;][et_pb_number_counter title=&#8221;Restaurant&#8221; number=&#8221;1&#8243; _builder_version=&#8221;3.23.3&#8243; title_font=&#8221;|600||on|||||&#8221; number_font=&#8221;ITCAvantGardeStd Demi||||||||&#8221;][\/et_pb_number_counter][\/et_pb_column][et_pb_column type=&#8221;1_4&#8243; _builder_version=&#8221;3.25&#8243; custom_padding=&#8221;|||&#8221; custom_padding__hover=&#8221;|||&#8221;][et_pb_number_counter title=&#8221;Bar&#8221; number=&#8221;1&#8243; _builder_version=&#8221;3.23.3&#8243; title_font=&#8221;|600||on|||||&#8221; number_font=&#8221;ITCAvantGardeStd Demi||||||||&#8221; locked=&#8221;off&#8221;][\/et_pb_number_counter][\/et_pb_column][\/et_pb_row][\/et_pb_section]<\/p>\n","protected":false},"excerpt":{"rendered":"<p>Hotel &amp; Restaurant Lesdigui\u00e8res GrenobleDiscover the application hotel, held by students, supervised by their teachers.Discover the application restaurant! The dishes are produced and served by the students. Enjoy a gourmet menu at a great price!Discover our lounges and soundproof committed rooms for receptions, meetings and cocktails.<\/p>\n","protected":false},"author":1,"featured_media":0,"parent":0,"menu_order":0,"comment_status":"closed","ping_status":"open","template":"","meta":{"_et_pb_use_builder":"on","_et_pb_old_content":"<!-- wp:paragraph -->\r\n<p>Ceci est une page d\u2019exemple. C\u2019est diff\u00e9rent d\u2019un article de blog parce qu\u2019elle restera au m\u00eame endroit et appara\u00eetra dans la navigation de votre site (dans la plupart des th\u00e8mes). La plupart des gens commencent par une page \u00ab\u00a0\u00c0 propos\u00a0\u00bb qui les pr\u00e9sente aux visiteurs du site. Cela pourrait ressembler \u00e0 quelque chose comme cela\u00a0:<\/p>\r\n<!-- \/wp:paragraph -->\r\n\r\n<!-- wp:quote -->\r\n<blockquote class=\"wp-block-quote\"><p>Bonjour\u00a0! Je suis un m\u00e9canicien qui aspire \u00e0 devenir acteur, et voici mon site. J\u2019habite \u00e0 Bordeaux, j\u2019ai un super chien baptis\u00e9 Russell, et j\u2019aime la vodka-ananas (ainsi qu\u2019\u00eatre surpris par la pluie soudaine lors de longues balades sur la plage au coucher du soleil).<\/p><\/blockquote>\r\n<!-- \/wp:quote -->\r\n\r\n<!-- wp:paragraph -->\r\n<p>... ou quelque chose comme cela\u00a0:<\/p>\r\n<!-- \/wp:paragraph -->\r\n\r\n<!-- wp:quote -->\r\n<blockquote class=\"wp-block-quote\"><p>La soci\u00e9t\u00e9 123 Machin Truc a \u00e9t\u00e9 cr\u00e9\u00e9e en 1971, et n\u2019a cess\u00e9 de proposer au public des machins-trucs de qualit\u00e9 depuis lors. Situ\u00e9e \u00e0 Saint-Remy-en-Bouzemont-Saint-Genest-et-Isson, 123 Machin Truc emploie 2 000 personnes, et fabrique toutes sortes de bidules super pour la communaut\u00e9 bouzemontoise.<\/p><\/blockquote>\r\n<!-- \/wp:quote -->\r\n\r\n<!-- wp:paragraph -->\r\n<p>En tant que nouvel\u00b7le utilisateur ou utilisatrice de WordPress, vous devriez vous rendre sur <a href=\"http:\/\/www.hotellesdiguieres.com\/wp-admin\/\">votre tableau de bord<\/a> pour supprimer cette page et cr\u00e9er de nouvelles pages pour votre contenu. Amusez-vous bien\u00a0!<\/p>\r\n<!-- \/wp:paragraph -->","_et_gb_content_width":"","footnotes":""},"class_list":["post-607","page","type-page","status-publish","hentry"],"yoast_head":"<!-- This site is optimized with the Yoast SEO plugin v24.6 - https:\/\/yoast.com\/wordpress\/plugins\/seo\/ -->\n<title>Home &#8902; H\u00f4tel Restaurant LESDIGUI\u00c8RES<\/title>\n<meta name=\"robots\" content=\"index, follow, max-snippet:-1, max-image-preview:large, max-video-preview:-1\" \/>\n<link rel=\"canonical\" href=\"https:\/\/www.hotellesdiguieres.com\/en\/\" \/>\n<meta property=\"og:locale\" content=\"en_US\" \/>\n<meta property=\"og:type\" content=\"article\" \/>\n<meta property=\"og:title\" content=\"Home &#8902; H\u00f4tel Restaurant LESDIGUI\u00c8RES\" \/>\n<meta property=\"og:description\" content=\"Hotel &amp; Restaurant Lesdigui\u00e8res GrenobleDiscover the application hotel, held by students, supervised by their teachers.Discover the application restaurant! The dishes are produced and served by the students. Enjoy a gourmet menu at a great price!Discover our lounges and soundproof committed rooms for receptions, meetings and cocktails.\" \/>\n<meta property=\"og:url\" content=\"https:\/\/www.hotellesdiguieres.com\/en\/\" \/>\n<meta property=\"og:site_name\" content=\"H\u00f4tel Restaurant LESDIGUI\u00c8RES\" \/>\n<meta property=\"article:publisher\" content=\"https:\/\/www.facebook.com\/HotelLesdigueres\/\" \/>\n<meta property=\"article:modified_time\" content=\"2021-05-07T06:34:08+00:00\" \/>\n<meta name=\"twitter:card\" content=\"summary_large_image\" \/>\n<meta name=\"twitter:label1\" content=\"Est. reading time\" \/>\n\t<meta name=\"twitter:data1\" content=\"6 minutes\" \/>\n<script type=\"application\/ld+json\" class=\"yoast-schema-graph\">{\"@context\":\"https:\/\/schema.org\",\"@graph\":[{\"@type\":\"WebPage\",\"@id\":\"https:\/\/www.hotellesdiguieres.com\/en\/\",\"url\":\"https:\/\/www.hotellesdiguieres.com\/en\/\",\"name\":\"Home &#8902; H\u00f4tel Restaurant LESDIGUI\u00c8RES\",\"isPartOf\":{\"@id\":\"https:\/\/www.hotellesdiguieres.com\/#website\"},\"datePublished\":\"2019-06-17T12:19:09+00:00\",\"dateModified\":\"2021-05-07T06:34:08+00:00\",\"breadcrumb\":{\"@id\":\"https:\/\/www.hotellesdiguieres.com\/en\/#breadcrumb\"},\"inLanguage\":\"en-US\",\"potentialAction\":[{\"@type\":\"ReadAction\",\"target\":[\"https:\/\/www.hotellesdiguieres.com\/en\/\"]}]},{\"@type\":\"BreadcrumbList\",\"@id\":\"https:\/\/www.hotellesdiguieres.com\/en\/#breadcrumb\",\"itemListElement\":[{\"@type\":\"ListItem\",\"position\":1,\"name\":\"Accueil\",\"item\":\"https:\/\/www.hotellesdiguieres.com\/en\/\"},{\"@type\":\"ListItem\",\"position\":2,\"name\":\"Home\"}]},{\"@type\":\"WebSite\",\"@id\":\"https:\/\/www.hotellesdiguieres.com\/#website\",\"url\":\"https:\/\/www.hotellesdiguieres.com\/\",\"name\":\"H\u00f4tel Restaurant LESDIGUI\u00c8RES\",\"description\":\"H\u00f4tel Restaurant Lesdigui\u00e8res situ\u00e9 \u00e0 Grenoble. Les \u00e9l\u00e8ves et le personnel sont heureux de vous accueillir \u00e0 l&#039;H\u00f4tel d&#039;application du Lyc\u00e9e des m\u00e9tiers de l&#039;H\u00f4tellerie et du Tourisme de Grenoble\",\"publisher\":{\"@id\":\"https:\/\/www.hotellesdiguieres.com\/#organization\"},\"potentialAction\":[{\"@type\":\"SearchAction\",\"target\":{\"@type\":\"EntryPoint\",\"urlTemplate\":\"https:\/\/www.hotellesdiguieres.com\/?s={search_term_string}\"},\"query-input\":{\"@type\":\"PropertyValueSpecification\",\"valueRequired\":true,\"valueName\":\"search_term_string\"}}],\"inLanguage\":\"en-US\"},{\"@type\":\"Organization\",\"@id\":\"https:\/\/www.hotellesdiguieres.com\/#organization\",\"name\":\"H\u00d4TEL & RESTAURANT LESDIGUI\u00c8RES\",\"url\":\"https:\/\/www.hotellesdiguieres.com\/\",\"logo\":{\"@type\":\"ImageObject\",\"inLanguage\":\"en-US\",\"@id\":\"https:\/\/www.hotellesdiguieres.com\/#\/schema\/logo\/image\/\",\"url\":\"https:\/\/www.hotellesdiguieres.com\/wp-content\/uploads\/2019\/11\/Logo-Grenoble-Lesdiguieres.jpg\",\"contentUrl\":\"https:\/\/www.hotellesdiguieres.com\/wp-content\/uploads\/2019\/11\/Logo-Grenoble-Lesdiguieres.jpg\",\"width\":451,\"height\":382,\"caption\":\"H\u00d4TEL & RESTAURANT LESDIGUI\u00c8RES\"},\"image\":{\"@id\":\"https:\/\/www.hotellesdiguieres.com\/#\/schema\/logo\/image\/\"},\"sameAs\":[\"https:\/\/www.facebook.com\/HotelLesdigueres\/\",\"https:\/\/www.instagram.com\/hotellesdiguieres\/\"]}]}<\/script>\n<!-- \/ Yoast SEO plugin. -->","yoast_head_json":{"title":"Home &#8902; H\u00f4tel Restaurant LESDIGUI\u00c8RES","robots":{"index":"index","follow":"follow","max-snippet":"max-snippet:-1","max-image-preview":"max-image-preview:large","max-video-preview":"max-video-preview:-1"},"canonical":"https:\/\/www.hotellesdiguieres.com\/en\/","og_locale":"en_US","og_type":"article","og_title":"Home &#8902; H\u00f4tel Restaurant LESDIGUI\u00c8RES","og_description":"Hotel &amp; Restaurant Lesdigui\u00e8res GrenobleDiscover the application hotel, held by students, supervised by their teachers.Discover the application restaurant! The dishes are produced and served by the students. Enjoy a gourmet menu at a great price!Discover our lounges and soundproof committed rooms for receptions, meetings and cocktails.","og_url":"https:\/\/www.hotellesdiguieres.com\/en\/","og_site_name":"H\u00f4tel Restaurant LESDIGUI\u00c8RES","article_publisher":"https:\/\/www.facebook.com\/HotelLesdigueres\/","article_modified_time":"2021-05-07T06:34:08+00:00","twitter_card":"summary_large_image","twitter_misc":{"Est. reading time":"6 minutes"},"schema":{"@context":"https:\/\/schema.org","@graph":[{"@type":"WebPage","@id":"https:\/\/www.hotellesdiguieres.com\/en\/","url":"https:\/\/www.hotellesdiguieres.com\/en\/","name":"Home &#8902; H\u00f4tel Restaurant LESDIGUI\u00c8RES","isPartOf":{"@id":"https:\/\/www.hotellesdiguieres.com\/#website"},"datePublished":"2019-06-17T12:19:09+00:00","dateModified":"2021-05-07T06:34:08+00:00","breadcrumb":{"@id":"https:\/\/www.hotellesdiguieres.com\/en\/#breadcrumb"},"inLanguage":"en-US","potentialAction":[{"@type":"ReadAction","target":["https:\/\/www.hotellesdiguieres.com\/en\/"]}]},{"@type":"BreadcrumbList","@id":"https:\/\/www.hotellesdiguieres.com\/en\/#breadcrumb","itemListElement":[{"@type":"ListItem","position":1,"name":"Accueil","item":"https:\/\/www.hotellesdiguieres.com\/en\/"},{"@type":"ListItem","position":2,"name":"Home"}]},{"@type":"WebSite","@id":"https:\/\/www.hotellesdiguieres.com\/#website","url":"https:\/\/www.hotellesdiguieres.com\/","name":"H\u00f4tel Restaurant LESDIGUI\u00c8RES","description":"H\u00f4tel Restaurant Lesdigui\u00e8res situ\u00e9 \u00e0 Grenoble. Les \u00e9l\u00e8ves et le personnel sont heureux de vous accueillir \u00e0 l&#039;H\u00f4tel d&#039;application du Lyc\u00e9e des m\u00e9tiers de l&#039;H\u00f4tellerie et du Tourisme de Grenoble","publisher":{"@id":"https:\/\/www.hotellesdiguieres.com\/#organization"},"potentialAction":[{"@type":"SearchAction","target":{"@type":"EntryPoint","urlTemplate":"https:\/\/www.hotellesdiguieres.com\/?s={search_term_string}"},"query-input":{"@type":"PropertyValueSpecification","valueRequired":true,"valueName":"search_term_string"}}],"inLanguage":"en-US"},{"@type":"Organization","@id":"https:\/\/www.hotellesdiguieres.com\/#organization","name":"H\u00d4TEL & RESTAURANT LESDIGUI\u00c8RES","url":"https:\/\/www.hotellesdiguieres.com\/","logo":{"@type":"ImageObject","inLanguage":"en-US","@id":"https:\/\/www.hotellesdiguieres.com\/#\/schema\/logo\/image\/","url":"https:\/\/www.hotellesdiguieres.com\/wp-content\/uploads\/2019\/11\/Logo-Grenoble-Lesdiguieres.jpg","contentUrl":"https:\/\/www.hotellesdiguieres.com\/wp-content\/uploads\/2019\/11\/Logo-Grenoble-Lesdiguieres.jpg","width":451,"height":382,"caption":"H\u00d4TEL & RESTAURANT LESDIGUI\u00c8RES"},"image":{"@id":"https:\/\/www.hotellesdiguieres.com\/#\/schema\/logo\/image\/"},"sameAs":["https:\/\/www.facebook.com\/HotelLesdigueres\/","https:\/\/www.instagram.com\/hotellesdiguieres\/"]}]}},"_links":{"self":[{"href":"https:\/\/www.hotellesdiguieres.com\/en\/wp-json\/wp\/v2\/pages\/607","targetHints":{"allow":["GET"]}}],"collection":[{"href":"https:\/\/www.hotellesdiguieres.com\/en\/wp-json\/wp\/v2\/pages"}],"about":[{"href":"https:\/\/www.hotellesdiguieres.com\/en\/wp-json\/wp\/v2\/types\/page"}],"author":[{"embeddable":true,"href":"https:\/\/www.hotellesdiguieres.com\/en\/wp-json\/wp\/v2\/users\/1"}],"replies":[{"embeddable":true,"href":"https:\/\/www.hotellesdiguieres.com\/en\/wp-json\/wp\/v2\/comments?post=607"}],"version-history":[{"count":10,"href":"https:\/\/www.hotellesdiguieres.com\/en\/wp-json\/wp\/v2\/pages\/607\/revisions"}],"predecessor-version":[{"id":1223,"href":"https:\/\/www.hotellesdiguieres.com\/en\/wp-json\/wp\/v2\/pages\/607\/revisions\/1223"}],"wp:attachment":[{"href":"https:\/\/www.hotellesdiguieres.com\/en\/wp-json\/wp\/v2\/media?parent=607"}],"curies":[{"name":"wp","href":"https:\/\/api.w.org\/{rel}","templated":true}]}}